{"id":84,"date":"2014-08-20T16:25:41","date_gmt":"2014-08-20T14:25:41","guid":{"rendered":"http:\/\/lire-travailler-derrida.org\/WordPress3\/?page_id=84"},"modified":"2014-08-20T16:40:59","modified_gmt":"2014-08-20T14:40:59","slug":"bibliographie","status":"publish","type":"page","link":"https:\/\/archive.revue-iter.org\/?page_id=84","title":{"rendered":"Bibliographie"},"content":{"rendered":"<p><strong>En construction<\/strong><\/p>\n<p>Une bibliographie compl\u00e8te peut \u00eatre consult\u00e9e sur le site de l&#8217;<a href=\"http:\/\/www.comp.tmu.ac.jp\/decon\/cn10\/pg66.html\">Association Japonaise pour la D\u00e9construction<\/a>.<\/p>\n","protected":false},"excerpt":{"rendered":"<p>En construction Une bibliographie compl\u00e8te peut \u00eatre consult\u00e9e sur le site de l&#8217;Association Japonaise pour la D\u00e9construction.<\/p>\n","protected":false},"author":1,"featured_media":0,"parent":81,"menu_order":1,"comment_status":"closed","ping_status":"closed","template":"","meta":[],"_links":{"self":[{"href":"https:\/\/archive.revue-iter.org\/index.php?rest_route=\/wp\/v2\/pages\/84"}],"collection":[{"href":"https:\/\/archive.revue-iter.org\/index.php?rest_route=\/wp\/v2\/pages"}],"about":[{"href":"https:\/\/archive.revue-iter.org\/index.php?rest_route=\/wp\/v2\/types\/page"}],"author":[{"embeddable":true,"href":"https:\/\/archive.revue-iter.org\/index.php?rest_route=\/wp\/v2\/users\/1"}],"replies":[{"embeddable":true,"href":"https:\/\/archive.revue-iter.org\/index.php?rest_route=%2Fwp%2Fv2%2Fcomments&post=84"}],"version-history":[{"count":3,"href":"https:\/\/archive.revue-iter.org\/index.php?rest_route=\/wp\/v2\/pages\/84\/revisions"}],"predecessor-version":[{"id":87,"href":"https:\/\/archive.revue-iter.org\/index.php?rest_route=\/wp\/v2\/pages\/84\/revisions\/87"}],"up":[{"embeddable":true,"href":"https:\/\/archive.revue-iter.org\/index.php?rest_route=\/wp\/v2\/pages\/81"}],"wp:attachment":[{"href":"https:\/\/archive.revue-iter.org\/index.php?rest_route=%2Fwp%2Fv2%2Fmedia&parent=84"}],"curies":[{"name":"wp","href":"https:\/\/api.w.org\/{rel}","templated":true}]}}