{"id":44,"date":"2014-01-09T16:49:36","date_gmt":"2014-01-09T15:49:36","guid":{"rendered":"http:\/\/liretravaillerderrida.wordpress.com\/?page_id=44"},"modified":"2015-02-20T00:15:33","modified_gmt":"2015-02-19T23:15:33","slug":"a-propos-2","status":"publish","type":"page","link":"https:\/\/archive.revue-iter.org\/","title":{"rendered":"\u00c0 propos"},"content":{"rendered":"<p>En avril 2013, un groupe de doctorants originaires de plusieurs universit\u00e9s s&#8217;est constitu\u00e9 afin de travailler conjointement sur les textes de Jacques Derrida. Il se fixe trois objectifs :<\/p>\n<p style=\"padding-left: 20px;\">&#8211; une lecture approfondie de certains textes, choisis parmi les th\u00e8mes qui sont travaill\u00e9s par ces doctorants.<\/p>\n<p style=\"padding-left: 20px;\">&#8211; la pr\u00e9sentation des travaux et des recherches en cours des participants.<\/p>\n<p style=\"padding-left: 20px;\">&#8211; le suivi des publications et des colloques qui sont organis\u00e9s autour de Jacques Derrida, partout dans le monde.<\/p>\n<p style=\"text-align: justify;\">Il se r\u00e9unit en s\u00e9ance pl\u00e9ni\u00e8re le premier et le troisi\u00e8me mercredis de chaque mois \u00e0 l&#8217;ENS, des s\u00e9ances intercalaires pouvant \u00e9ventuellement \u00eatre ajout\u00e9es pour d&#8217;autres types de programmes.<\/p>\n<p>La participation aux s\u00e9ances est ouverte \u00e0 tous ceux qui le d\u00e9sirent : doctorants, post-doctorants, chercheurs ou autres.<\/p>\n<p>&#8212;<\/p>\n<p>Pour toute demande d&#8217;information au sujet du groupe et de ses activit\u00e9s, <a title=\"Contact\" href=\"http:\/\/lire-travailler-derrida.org\/WordPress3\/?page_id=113\">contactez-nous<\/a>.<\/p>\n","protected":false},"excerpt":{"rendered":"<p>En avril 2013, un groupe de doctorants originaires de plusieurs universit\u00e9s s&#8217;est constitu\u00e9 afin de travailler conjointement sur les textes de Jacques Derrida. Il se fixe trois objectifs : &#8211; une lecture approfondie de certains textes, choisis parmi les th\u00e8mes qui sont travaill\u00e9s par ces doctorants. &#8211; la pr\u00e9sentation des travaux et des recherches en <a href='https:\/\/archive.revue-iter.org\/' class='excerpt-more'>[&#8230;]<\/a><\/p>\n","protected":false},"author":1,"featured_media":0,"parent":0,"menu_order":0,"comment_status":"closed","ping_status":"closed","template":"","meta":[],"_links":{"self":[{"href":"https:\/\/archive.revue-iter.org\/index.php?rest_route=\/wp\/v2\/pages\/44"}],"collection":[{"href":"https:\/\/archive.revue-iter.org\/index.php?rest_route=\/wp\/v2\/pages"}],"about":[{"href":"https:\/\/archive.revue-iter.org\/index.php?rest_route=\/wp\/v2\/types\/page"}],"author":[{"embeddable":true,"href":"https:\/\/archive.revue-iter.org\/index.php?rest_route=\/wp\/v2\/users\/1"}],"replies":[{"embeddable":true,"href":"https:\/\/archive.revue-iter.org\/index.php?rest_route=%2Fwp%2Fv2%2Fcomments&post=44"}],"version-history":[{"count":8,"href":"https:\/\/archive.revue-iter.org\/index.php?rest_route=\/wp\/v2\/pages\/44\/revisions"}],"predecessor-version":[{"id":235,"href":"https:\/\/archive.revue-iter.org\/index.php?rest_route=\/wp\/v2\/pages\/44\/revisions\/235"}],"wp:attachment":[{"href":"https:\/\/archive.revue-iter.org\/index.php?rest_route=%2Fwp%2Fv2%2Fmedia&parent=44"}],"curies":[{"name":"wp","href":"https:\/\/api.w.org\/{rel}","templated":true}]}}