{"id":13,"date":"2014-01-09T16:13:05","date_gmt":"2014-01-09T15:13:05","guid":{"rendered":"http:\/\/liretravaillerderrida.wordpress.com\/?page_id=13"},"modified":"2014-10-09T12:50:24","modified_gmt":"2014-10-09T10:50:24","slug":"infos-pratiques","status":"publish","type":"page","link":"https:\/\/archive.revue-iter.org\/?page_id=13","title":{"rendered":"Infos pratiques"},"content":{"rendered":"<p>Les s\u00e9ances se tiennent dans la <em>Salle des s\u00e9minaires<\/em>\u00a0du D\u00e9partement de Philosophie de l&#8217;Ecole Normale Sup\u00e9rieure, le premier et le troisi\u00e8me mercredis de chaque mois.<\/p>\n<p>Adresse : 45 rue d&#8217;Ulm, Paris.<br \/>\nHoraire : 15h30.<\/p>\n<p>L&#8217;entr\u00e9e est libre, sans pr\u00e9sentation de carte d&#8217;\u00e9tudiant.<\/p>\n<p>(Tourner \u00e0 droite apr\u00e8s l&#8217;entr\u00e9e, aller dans le pavillon Pasteur qui se trouve au fond de l&#8217;all\u00e9e, descendre au sous-sol).<\/p>\n<p><iframe loading=\"lazy\" style=\"border: 0;\" src=\"https:\/\/www.google.com\/maps\/embed?pb=!1m14!1m8!1m3!1d2625.8585510071202!2d2.3440345!3d48.84183669999999!3m2!1i1024!2i768!4f13.1!3m3!1m2!1s0x47e671e9ef934229%3A0x315c92116f781824!2s45+Rue+d'Ulm%2C+75005+Paris!5e0!3m2!1ses!2sfr!4v1410088355038\" width=\"600\" height=\"450\" frameborder=\"0\"><\/iframe><br \/>\n&#8212;<\/p>\n<p>Pour toute demande d&#8217;information au sujet du groupe, <a title=\"Contact\" href=\"http:\/\/lire-travailler-derrida.org\/WordPress3\/?page_id=113\">contactez-nous.<\/a><\/p>\n","protected":false},"excerpt":{"rendered":"<p>Les s\u00e9ances se tiennent dans la Salle des s\u00e9minaires\u00a0du D\u00e9partement de Philosophie de l&#8217;Ecole Normale Sup\u00e9rieure, le premier et le troisi\u00e8me mercredis de chaque mois. Adresse : 45 rue d&#8217;Ulm, Paris. Horaire : 15h30. L&#8217;entr\u00e9e est libre, sans pr\u00e9sentation de carte d&#8217;\u00e9tudiant. (Tourner \u00e0 droite apr\u00e8s l&#8217;entr\u00e9e, aller dans le pavillon Pasteur qui se trouve <a href='https:\/\/archive.revue-iter.org\/?page_id=13' class='excerpt-more'>[&#8230;]<\/a><\/p>\n","protected":false},"author":1,"featured_media":0,"parent":0,"menu_order":0,"comment_status":"closed","ping_status":"closed","template":"","meta":[],"_links":{"self":[{"href":"https:\/\/archive.revue-iter.org\/index.php?rest_route=\/wp\/v2\/pages\/13"}],"collection":[{"href":"https:\/\/archive.revue-iter.org\/index.php?rest_route=\/wp\/v2\/pages"}],"about":[{"href":"https:\/\/archive.revue-iter.org\/index.php?rest_route=\/wp\/v2\/types\/page"}],"author":[{"embeddable":true,"href":"https:\/\/archive.revue-iter.org\/index.php?rest_route=\/wp\/v2\/users\/1"}],"replies":[{"embeddable":true,"href":"https:\/\/archive.revue-iter.org\/index.php?rest_route=%2Fwp%2Fv2%2Fcomments&post=13"}],"version-history":[{"count":5,"href":"https:\/\/archive.revue-iter.org\/index.php?rest_route=\/wp\/v2\/pages\/13\/revisions"}],"predecessor-version":[{"id":187,"href":"https:\/\/archive.revue-iter.org\/index.php?rest_route=\/wp\/v2\/pages\/13\/revisions\/187"}],"wp:attachment":[{"href":"https:\/\/archive.revue-iter.org\/index.php?rest_route=%2Fwp%2Fv2%2Fmedia&parent=13"}],"curies":[{"name":"wp","href":"https:\/\/api.w.org\/{rel}","templated":true}]}}